{"id":545,"date":"2024-11-12T11:26:31","date_gmt":"2024-11-12T11:26:31","guid":{"rendered":"https:\/\/ocflooringddev.wpenginepowered.com\/?page_id=545"},"modified":"2025-04-17T10:38:21","modified_gmt":"2025-04-17T10:38:21","slug":"suivre-lenvoi","status":"publish","type":"page","link":"https:\/\/ocflooring.com\/fr\/suivre-lenvoi\/","title":{"rendered":"Suivre l\u2019envoi"},"content":{"rendered":"<div class=\"fusion-fullwidth fullwidth-box fusion-builder-row-1 fusion-flex-container has-pattern-background has-mask-background nonhundred-percent-fullwidth non-hundred-percent-height-scrolling\" style=\"--awb-border-radius-top-left:0px;--awb-border-radius-top-right:0px;--awb-border-radius-bottom-right:0px;--awb-border-radius-bottom-left:0px;--awb-flex-wrap:wrap;\" ><div class=\"fusion-builder-row fusion-row fusion-flex-align-items-flex-start fusion-flex-justify-content-center fusion-flex-content-wrap\" style=\"max-width:calc( 1480px + 20px );margin-left: calc(-20px \/ 2 );margin-right: calc(-20px \/ 2 );\"><div class=\"fusion-layout-column fusion_builder_column fusion-builder-column-0 fusion_builder_column_3_5 3_5 fusion-flex-column\" style=\"--awb-bg-size:cover;--awb-width-large:60%;--awb-margin-top-large:0px;--awb-spacing-right-large:10px;--awb-margin-bottom-large:0px;--awb-spacing-left-large:10px;--awb-width-medium:60%;--awb-spacing-right-medium:10px;--awb-spacing-left-medium:10px;--awb-width-small:100%;--awb-spacing-right-small:10px;--awb-spacing-left-small:10px;\"><div class=\"fusion-column-wrapper fusion-flex-justify-content-flex-start fusion-content-layout-column\"><div class=\"fusion-title title fusion-title-1 fusion-sep-none fusion-title-center fusion-title-text fusion-title-size-one\"><h1 class=\"fusion-title-heading title-heading-center\" style=\"margin:0;\">Suivre <span class=\"diff_color\">l\u2019envoi<\/span><\/h1><\/div><div class=\"fusion-text fusion-text-1\"><p><iframe title=\"Cigo Tracker: OCF\" src=\"https:\/\/tracker.cigotracker.com?org=aC45&amp;loc=UG&amp;cc=CA\" width=\"100%\" height=\"250\" frameborder=\"0\"><\/iframe><\/p>\n<\/div><\/div><\/div><\/div><\/div>\n","protected":false},"excerpt":{"rendered":"","protected":false},"author":1,"featured_media":229,"parent":0,"menu_order":26,"comment_status":"closed","ping_status":"closed","template":"100-width.php","meta":{"_acf_changed":false,"footnotes":""},"class_list":["post-545","page","type-page","status-publish","has-post-thumbnail","hentry"],"acf":[],"yoast_head":"<!-- This site is optimized with the Yoast SEO plugin v25.6 - https:\/\/yoast.com\/wordpress\/plugins\/seo\/ -->\n<title>Suivre l\u2019envoi - OC Flooring<\/title>\n<meta name=\"description\" content=\"Suivez votre envoi facilement en utilisant votre num\u00e9ro de facture, num\u00e9ro de suivi ou num\u00e9ro de t\u00e9l\u00e9phone.\" \/>\n<meta name=\"robots\" content=\"noindex, nofollow\" \/>\n<meta property=\"og:locale\" content=\"fr_FR\" \/>\n<meta property=\"og:type\" content=\"article\" \/>\n<meta property=\"og:title\" content=\"Suivre l\u2019envoi - OC Flooring\" \/>\n<meta property=\"og:description\" content=\"Suivez votre envoi facilement en utilisant votre num\u00e9ro de facture, num\u00e9ro de suivi ou num\u00e9ro de t\u00e9l\u00e9phone.\" \/>\n<meta property=\"og:url\" content=\"https:\/\/ocflooring.com\/fr\/suivre-lenvoi\/\" \/>\n<meta property=\"og:site_name\" content=\"OC Flooring\" \/>\n<meta property=\"article:modified_time\" content=\"2025-04-17T10:38:21+00:00\" \/>\n<meta property=\"og:image\" content=\"http:\/\/ocflooring.com\/wp-content\/uploads\/2024\/10\/New-Project-4-1.webp\" \/>\n\t<meta property=\"og:image:width\" content=\"1810\" \/>\n\t<meta property=\"og:image:height\" content=\"414\" \/>\n\t<meta property=\"og:image:type\" content=\"image\/webp\" \/>\n<meta name=\"twitter:card\" content=\"summary_large_image\" \/>\n<meta name=\"twitter:label1\" content=\"Dur\u00e9e de lecture estim\u00e9e\" \/>\n\t<meta name=\"twitter:data1\" content=\"1 minute\" \/>\n<script type=\"application\/ld+json\" class=\"yoast-schema-graph\">{\"@context\":\"https:\/\/schema.org\",\"@graph\":[{\"@type\":\"WebPage\",\"@id\":\"https:\/\/ocflooring.com\/fr\/suivre-lenvoi\/\",\"url\":\"https:\/\/ocflooring.com\/fr\/suivre-lenvoi\/\",\"name\":\"Suivre l\u2019envoi - OC Flooring\",\"isPartOf\":{\"@id\":\"https:\/\/ocflooring.com\/fr\/#website\"},\"primaryImageOfPage\":{\"@id\":\"https:\/\/ocflooring.com\/fr\/suivre-lenvoi\/#primaryimage\"},\"image\":{\"@id\":\"https:\/\/ocflooring.com\/fr\/suivre-lenvoi\/#primaryimage\"},\"thumbnailUrl\":\"https:\/\/ocflooring.com\/wp-content\/uploads\/2024\/10\/New-Project-4-1.webp\",\"datePublished\":\"2024-11-12T11:26:31+00:00\",\"dateModified\":\"2025-04-17T10:38:21+00:00\",\"description\":\"Suivez votre envoi facilement en utilisant votre num\u00e9ro de facture, num\u00e9ro de suivi ou num\u00e9ro de t\u00e9l\u00e9phone.\",\"breadcrumb\":{\"@id\":\"https:\/\/ocflooring.com\/fr\/suivre-lenvoi\/#breadcrumb\"},\"inLanguage\":\"fr-FR\",\"potentialAction\":[{\"@type\":\"ReadAction\",\"target\":[\"https:\/\/ocflooring.com\/fr\/suivre-lenvoi\/\"]}]},{\"@type\":\"ImageObject\",\"inLanguage\":\"fr-FR\",\"@id\":\"https:\/\/ocflooring.com\/fr\/suivre-lenvoi\/#primaryimage\",\"url\":\"https:\/\/ocflooring.com\/wp-content\/uploads\/2024\/10\/New-Project-4-1.webp\",\"contentUrl\":\"https:\/\/ocflooring.com\/wp-content\/uploads\/2024\/10\/New-Project-4-1.webp\",\"width\":1810,\"height\":414},{\"@type\":\"BreadcrumbList\",\"@id\":\"https:\/\/ocflooring.com\/fr\/suivre-lenvoi\/#breadcrumb\",\"itemListElement\":[{\"@type\":\"ListItem\",\"position\":1,\"name\":\"Home\",\"item\":\"https:\/\/ocflooring.com\/fr\/\"},{\"@type\":\"ListItem\",\"position\":2,\"name\":\"Suivre l\u2019envoi\"}]},{\"@type\":\"WebSite\",\"@id\":\"https:\/\/ocflooring.com\/fr\/#website\",\"url\":\"https:\/\/ocflooring.com\/fr\/\",\"name\":\"OC Flooring\",\"description\":\"\",\"potentialAction\":[{\"@type\":\"SearchAction\",\"target\":{\"@type\":\"EntryPoint\",\"urlTemplate\":\"https:\/\/ocflooring.com\/fr\/?s={search_term_string}\"},\"query-input\":{\"@type\":\"PropertyValueSpecification\",\"valueRequired\":true,\"valueName\":\"search_term_string\"}}],\"inLanguage\":\"fr-FR\"}]}<\/script>\n<!-- \/ Yoast SEO plugin. -->","yoast_head_json":{"title":"Suivre l\u2019envoi - OC Flooring","description":"Suivez votre envoi facilement en utilisant votre num\u00e9ro de facture, num\u00e9ro de suivi ou num\u00e9ro de t\u00e9l\u00e9phone.","robots":{"index":"noindex","follow":"nofollow"},"og_locale":"fr_FR","og_type":"article","og_title":"Suivre l\u2019envoi - OC Flooring","og_description":"Suivez votre envoi facilement en utilisant votre num\u00e9ro de facture, num\u00e9ro de suivi ou num\u00e9ro de t\u00e9l\u00e9phone.","og_url":"https:\/\/ocflooring.com\/fr\/suivre-lenvoi\/","og_site_name":"OC Flooring","article_modified_time":"2025-04-17T10:38:21+00:00","og_image":[{"width":1810,"height":414,"url":"http:\/\/ocflooring.com\/wp-content\/uploads\/2024\/10\/New-Project-4-1.webp","type":"image\/webp"}],"twitter_card":"summary_large_image","twitter_misc":{"Dur\u00e9e de lecture estim\u00e9e":"1 minute"},"schema":{"@context":"https:\/\/schema.org","@graph":[{"@type":"WebPage","@id":"https:\/\/ocflooring.com\/fr\/suivre-lenvoi\/","url":"https:\/\/ocflooring.com\/fr\/suivre-lenvoi\/","name":"Suivre l\u2019envoi - OC Flooring","isPartOf":{"@id":"https:\/\/ocflooring.com\/fr\/#website"},"primaryImageOfPage":{"@id":"https:\/\/ocflooring.com\/fr\/suivre-lenvoi\/#primaryimage"},"image":{"@id":"https:\/\/ocflooring.com\/fr\/suivre-lenvoi\/#primaryimage"},"thumbnailUrl":"https:\/\/ocflooring.com\/wp-content\/uploads\/2024\/10\/New-Project-4-1.webp","datePublished":"2024-11-12T11:26:31+00:00","dateModified":"2025-04-17T10:38:21+00:00","description":"Suivez votre envoi facilement en utilisant votre num\u00e9ro de facture, num\u00e9ro de suivi ou num\u00e9ro de t\u00e9l\u00e9phone.","breadcrumb":{"@id":"https:\/\/ocflooring.com\/fr\/suivre-lenvoi\/#breadcrumb"},"inLanguage":"fr-FR","potentialAction":[{"@type":"ReadAction","target":["https:\/\/ocflooring.com\/fr\/suivre-lenvoi\/"]}]},{"@type":"ImageObject","inLanguage":"fr-FR","@id":"https:\/\/ocflooring.com\/fr\/suivre-lenvoi\/#primaryimage","url":"https:\/\/ocflooring.com\/wp-content\/uploads\/2024\/10\/New-Project-4-1.webp","contentUrl":"https:\/\/ocflooring.com\/wp-content\/uploads\/2024\/10\/New-Project-4-1.webp","width":1810,"height":414},{"@type":"BreadcrumbList","@id":"https:\/\/ocflooring.com\/fr\/suivre-lenvoi\/#breadcrumb","itemListElement":[{"@type":"ListItem","position":1,"name":"Home","item":"https:\/\/ocflooring.com\/fr\/"},{"@type":"ListItem","position":2,"name":"Suivre l\u2019envoi"}]},{"@type":"WebSite","@id":"https:\/\/ocflooring.com\/fr\/#website","url":"https:\/\/ocflooring.com\/fr\/","name":"OC Flooring","description":"","potentialAction":[{"@type":"SearchAction","target":{"@type":"EntryPoint","urlTemplate":"https:\/\/ocflooring.com\/fr\/?s={search_term_string}"},"query-input":{"@type":"PropertyValueSpecification","valueRequired":true,"valueName":"search_term_string"}}],"inLanguage":"fr-FR"}]}},"_links":{"self":[{"href":"https:\/\/ocflooring.com\/fr\/wp-json\/wp\/v2\/pages\/545","targetHints":{"allow":["GET"]}}],"collection":[{"href":"https:\/\/ocflooring.com\/fr\/wp-json\/wp\/v2\/pages"}],"about":[{"href":"https:\/\/ocflooring.com\/fr\/wp-json\/wp\/v2\/types\/page"}],"author":[{"embeddable":true,"href":"https:\/\/ocflooring.com\/fr\/wp-json\/wp\/v2\/users\/1"}],"replies":[{"embeddable":true,"href":"https:\/\/ocflooring.com\/fr\/wp-json\/wp\/v2\/comments?post=545"}],"version-history":[{"count":0,"href":"https:\/\/ocflooring.com\/fr\/wp-json\/wp\/v2\/pages\/545\/revisions"}],"wp:featuredmedia":[{"embeddable":true,"href":"https:\/\/ocflooring.com\/fr\/wp-json\/wp\/v2\/media\/229"}],"wp:attachment":[{"href":"https:\/\/ocflooring.com\/fr\/wp-json\/wp\/v2\/media?parent=545"}],"curies":[{"name":"wp","href":"https:\/\/api.w.org\/{rel}","templated":true}]}}