{"id":286,"date":"2024-09-23T15:05:18","date_gmt":"2024-09-23T15:05:18","guid":{"rendered":"https:\/\/ocflooringddev.wpenginepowered.com\/?page_id=286"},"modified":"2025-04-17T10:38:11","modified_gmt":"2025-04-17T10:38:11","slug":"blogue","status":"publish","type":"page","link":"https:\/\/ocflooring.com\/fr\/blogue\/","title":{"rendered":"Blogue"},"content":{"rendered":"<p><div class=\"fusion-fullwidth fullwidth-box fusion-builder-row-1 fusion-flex-container has-pattern-background has-mask-background nonhundred-percent-fullwidth non-hundred-percent-height-scrolling\" style=\"--awb-border-radius-top-left:0px;--awb-border-radius-top-right:0px;--awb-border-radius-bottom-right:0px;--awb-border-radius-bottom-left:0px;--awb-padding-bottom:0px;--awb-flex-wrap:wrap;\" ><div class=\"fusion-builder-row fusion-row fusion-flex-align-items-flex-start fusion-flex-content-wrap\" style=\"max-width:calc( 1480px + 20px );margin-left: calc(-20px \/ 2 );margin-right: calc(-20px \/ 2 );\"><div class=\"fusion-layout-column fusion_builder_column fusion-builder-column-0 fusion_builder_column_1_1 1_1 fusion-flex-column\" style=\"--awb-bg-size:cover;--awb-width-large:100%;--awb-margin-top-large:0px;--awb-spacing-right-large:10px;--awb-margin-bottom-large:0px;--awb-spacing-left-large:10px;--awb-width-medium:100%;--awb-order-medium:0;--awb-spacing-right-medium:10px;--awb-spacing-left-medium:10px;--awb-width-small:100%;--awb-order-small:0;--awb-spacing-right-small:10px;--awb-spacing-left-small:10px;\"><div class=\"fusion-column-wrapper fusion-column-has-shadow fusion-flex-justify-content-flex-start fusion-content-layout-column\"><div class=\"fusion-title title fusion-title-1 fusion-sep-none fusion-title-center fusion-title-text fusion-title-size-one\"><h1 class=\"fusion-title-heading title-heading-center\" style=\"margin:0;\">Latest <span class=\"diff_color\">News<\/span><\/h1><\/div><\/div><\/div><\/div><\/div><div class=\"fusion-fullwidth fullwidth-box fusion-builder-row-2 fusion-flex-container has-pattern-background has-mask-background nonhundred-percent-fullwidth non-hundred-percent-height-scrolling\" style=\"--awb-border-radius-top-left:0px;--awb-border-radius-top-right:0px;--awb-border-radius-bottom-right:0px;--awb-border-radius-bottom-left:0px;--awb-flex-wrap:wrap;\" id=\"blog_section\" ><div class=\"fusion-builder-row fusion-row fusion-flex-align-items-flex-start fusion-flex-content-wrap\" style=\"max-width:calc( 1480px + 20px );margin-left: calc(-20px \/ 2 );margin-right: calc(-20px \/ 2 );\"><div class=\"fusion-layout-column fusion_builder_column fusion-builder-column-1 fusion_builder_column_1_1 1_1 fusion-flex-column\" style=\"--awb-bg-size:cover;--awb-width-large:100%;--awb-margin-top-large:0px;--awb-spacing-right-large:10px;--awb-margin-bottom-large:0px;--awb-spacing-left-large:10px;--awb-width-medium:100%;--awb-order-medium:0;--awb-spacing-right-medium:10px;--awb-spacing-left-medium:10px;--awb-width-small:100%;--awb-order-small:0;--awb-spacing-right-small:10px;--awb-spacing-left-small:10px;\"><div class=\"fusion-column-wrapper fusion-column-has-shadow fusion-flex-justify-content-flex-start fusion-content-layout-column\"><div class=\"fusion-blog-shortcode fusion-blog-shortcode-1 fusion-blog-archive fusion-blog-layout-grid-wrapper fusion-blog-infinite\" style=\"--awb-title-font-size:28px;--awb-title-line-height:34px;--awb-title-font-family:&quot;Kanit&quot;;--awb-title-font-style:normal;--awb-title-font-weight:400;\"><style type=\"text\/css\">.fusion-blog-shortcode-1 .fusion-blog-layout-grid .fusion-post-grid{padding:15px;}.fusion-blog-shortcode-1 .fusion-posts-container{margin-left: -15px !important; margin-right:-15px !important;}<\/style><div class=\"fusion-posts-container fusion-posts-container-infinite fusion-posts-container-load-more fusion-no-meta-info fusion-blog-rollover fusion-blog-layout-grid fusion-blog-layout-grid-3 isotope fusion-blog-equal-heights\" data-pages=\"1\" data-grid-col-space=\"30\" style=\"margin: -15px -15px 0;min-height:500px;\"><article id=\"blog-1-post-739\" class=\"fusion-post-grid post-739 post type-post status-publish format-standard has-post-thumbnail hentry category-non-classifiee\">\n<div class=\"fusion-post-wrapper\" style=\"background-color:rgba(235,235,235,1);border:1px solid var(--awb-color2);border-bottom-width:3px;\">\n\n\t\t\t<div class=\"fusion-flexslider flexslider fusion-flexslider-loading fusion-post-slideshow\" style=\"border-color:var(--awb-color2);\">\n\t\t<ul class=\"slides\">\n\t\t\t\n\t\t\t\t\t\t\t\t\t\t\t\t\t\t<li><div  class=\"fusion-image-wrapper\" aria-haspopup=\"true\">\n\t\t\t\t<img decoding=\"async\" width=\"1000\" height=\"667\" src=\"https:\/\/ocflooring.com\/wp-content\/uploads\/2024\/12\/OC-Flooring-News-release_Thumbnail-Rebranding.jpg\" class=\"attachment-full size-full wp-post-image\" alt=\"OC Flooring rebranding news for Ottawa and Orleans flooring solutions.\" srcset=\"https:\/\/ocflooring.com\/wp-content\/uploads\/2024\/12\/OC-Flooring-News-release_Thumbnail-Rebranding-200x133.jpg 200w, https:\/\/ocflooring.com\/wp-content\/uploads\/2024\/12\/OC-Flooring-News-release_Thumbnail-Rebranding-400x267.jpg 400w, https:\/\/ocflooring.com\/wp-content\/uploads\/2024\/12\/OC-Flooring-News-release_Thumbnail-Rebranding-600x400.jpg 600w, https:\/\/ocflooring.com\/wp-content\/uploads\/2024\/12\/OC-Flooring-News-release_Thumbnail-Rebranding-800x534.jpg 800w, https:\/\/ocflooring.com\/wp-content\/uploads\/2024\/12\/OC-Flooring-News-release_Thumbnail-Rebranding.jpg 1000w\" sizes=\"(min-width: 2200px) 100vw, (min-width: 784px) 473px, (min-width: 712px) 710px, (min-width: 640px) 712px, \" \/><div class=\"fusion-rollover\">\n\t<div class=\"fusion-rollover-content\">\n\n\t\t\t\t\n\t\t\n\t\t\t\t\t\t\t\t\t\t\t\t<h4 class=\"fusion-rollover-title\">\n\t\t\t\t\t<a class=\"fusion-rollover-title-link\" href=\"https:\/\/ocflooring.com\/fr\/experts-en-revetements-de-sol-dottawa-avec-un-fier-heritage-se-reinventant-pour-lavenir\/\">\n\t\t\t\t\t\tExperts en rev\u00eatements de sol d&rsquo;Ottawa avec un fier h\u00e9ritage, se r\u00e9inventant pour l&rsquo;avenir\t\t\t\t\t<\/a>\n\t\t\t\t<\/h4>\n\t\t\t\n\t\t\t\t\t\t\t\t\n\t\t\n\t\t\t\t\t\t<a class=\"fusion-link-wrapper\" href=\"https:\/\/ocflooring.com\/fr\/experts-en-revetements-de-sol-dottawa-avec-un-fier-heritage-se-reinventant-pour-lavenir\/\" aria-label=\"Experts en rev\u00eatements de sol d&rsquo;Ottawa avec un fier h\u00e9ritage, se r\u00e9inventant pour l&rsquo;avenir\"><\/a>\n\t<\/div>\n<\/div>\n<\/div>\n<\/li>\n\t\t\t\n\t\t\t\n\t\t\t\t\t\t\t\t\t\t\t\t\t\t\t\t\t\t\t\t\t\t\t\t\t\t\t\t\t\t\t\t\t\t\t\t\t\t\t\t\t\t\t\t\t\t\t\t\t\t\t\t\t\t\t\t\t\t\t\t\t\t\t\t\t\t\t\t<\/ul>\n\t<\/div>\n\t<div class=\"fusion-post-content-wrapper\" style=\"padding:20px 20px 20px 20px;\"><div class=\"fusion-post-content post-content\"><h2 class=\"blog-shortcode-post-title\"><a href=\"https:\/\/ocflooring.com\/fr\/experts-en-revetements-de-sol-dottawa-avec-un-fier-heritage-se-reinventant-pour-lavenir\/\">Experts en rev\u00eatements de sol d&rsquo;Ottawa avec un fier h\u00e9ritage, se r\u00e9inventant pour l&rsquo;avenir<\/a><\/h2><\/div><\/div><div class=\"fusion-clearfix\"><\/div><\/div>\n<\/article>\n<article id=\"blog-1-post-716\" class=\"fusion-post-grid post-716 post type-post status-publish format-standard has-post-thumbnail hentry category-non-classifiee\">\n<div class=\"fusion-post-wrapper\" style=\"background-color:rgba(235,235,235,1);border:1px solid var(--awb-color2);border-bottom-width:3px;\">\n\n\t\t\t<div class=\"fusion-flexslider flexslider fusion-flexslider-loading fusion-post-slideshow\" style=\"border-color:var(--awb-color2);\">\n\t\t<ul class=\"slides\">\n\t\t\t\n\t\t\t\t\t\t\t\t\t\t\t\t\t\t<li><div  class=\"fusion-image-wrapper\" aria-haspopup=\"true\">\n\t\t\t\t<img decoding=\"async\" width=\"1000\" height=\"667\" src=\"https:\/\/ocflooring.com\/wp-content\/uploads\/2024\/11\/Blog-Area-Rugs-FR.jpg\" class=\"attachment-full size-full wp-post-image\" alt=\"\" srcset=\"https:\/\/ocflooring.com\/wp-content\/uploads\/2024\/11\/Blog-Area-Rugs-FR-200x133.jpg 200w, https:\/\/ocflooring.com\/wp-content\/uploads\/2024\/11\/Blog-Area-Rugs-FR-400x267.jpg 400w, https:\/\/ocflooring.com\/wp-content\/uploads\/2024\/11\/Blog-Area-Rugs-FR-600x400.jpg 600w, https:\/\/ocflooring.com\/wp-content\/uploads\/2024\/11\/Blog-Area-Rugs-FR-800x534.jpg 800w, https:\/\/ocflooring.com\/wp-content\/uploads\/2024\/11\/Blog-Area-Rugs-FR.jpg 1000w\" sizes=\"(min-width: 2200px) 100vw, (min-width: 784px) 473px, (min-width: 712px) 710px, (min-width: 640px) 712px, \" \/><div class=\"fusion-rollover\">\n\t<div class=\"fusion-rollover-content\">\n\n\t\t\t\t\n\t\t\n\t\t\t\t\t\t\t\t\t\t\t\t<h4 class=\"fusion-rollover-title\">\n\t\t\t\t\t<a class=\"fusion-rollover-title-link\" href=\"https:\/\/ocflooring.com\/fr\/transformez-votre-espace-un-guide-des-styles-de-tapis\/\">\n\t\t\t\t\t\tTransformez votre Espace : Un Guide des Styles de Tapis\t\t\t\t\t<\/a>\n\t\t\t\t<\/h4>\n\t\t\t\n\t\t\t\t\t\t\t\t\n\t\t\n\t\t\t\t\t\t<a class=\"fusion-link-wrapper\" href=\"https:\/\/ocflooring.com\/fr\/transformez-votre-espace-un-guide-des-styles-de-tapis\/\" aria-label=\"Transformez votre Espace : Un Guide des Styles de Tapis\"><\/a>\n\t<\/div>\n<\/div>\n<\/div>\n<\/li>\n\t\t\t\n\t\t\t\n\t\t\t\t\t\t\t\t\t\t\t\t\t\t\t\t\t\t\t\t\t\t\t\t\t\t\t\t\t\t\t\t\t\t\t\t\t\t\t\t\t\t\t\t\t\t\t\t\t\t\t\t\t\t\t\t\t\t\t\t\t\t\t\t\t\t\t\t<\/ul>\n\t<\/div>\n\t<div class=\"fusion-post-content-wrapper\" style=\"padding:20px 20px 20px 20px;\"><div class=\"fusion-post-content post-content\"><h2 class=\"blog-shortcode-post-title\"><a href=\"https:\/\/ocflooring.com\/fr\/transformez-votre-espace-un-guide-des-styles-de-tapis\/\">Transformez votre Espace : Un Guide des Styles de Tapis<\/a><\/h2><\/div><\/div><div class=\"fusion-clearfix\"><\/div><\/div>\n<\/article>\n<article id=\"blog-1-post-710\" class=\"fusion-post-grid post-710 post type-post status-publish format-standard has-post-thumbnail hentry category-non-classifiee\">\n<div class=\"fusion-post-wrapper\" style=\"background-color:rgba(235,235,235,1);border:1px solid var(--awb-color2);border-bottom-width:3px;\">\n\n\t\t\t<div class=\"fusion-flexslider flexslider fusion-flexslider-loading fusion-post-slideshow\" style=\"border-color:var(--awb-color2);\">\n\t\t<ul class=\"slides\">\n\t\t\t\n\t\t\t\t\t\t\t\t\t\t\t\t\t\t<li><div  class=\"fusion-image-wrapper\" aria-haspopup=\"true\">\n\t\t\t\t<img decoding=\"async\" width=\"1000\" height=\"667\" src=\"https:\/\/ocflooring.com\/wp-content\/uploads\/2024\/11\/Blog-Green-Flooring-FR.jpg\" class=\"attachment-full size-full wp-post-image\" alt=\"\" srcset=\"https:\/\/ocflooring.com\/wp-content\/uploads\/2024\/11\/Blog-Green-Flooring-FR-200x133.jpg 200w, https:\/\/ocflooring.com\/wp-content\/uploads\/2024\/11\/Blog-Green-Flooring-FR-400x267.jpg 400w, https:\/\/ocflooring.com\/wp-content\/uploads\/2024\/11\/Blog-Green-Flooring-FR-600x400.jpg 600w, https:\/\/ocflooring.com\/wp-content\/uploads\/2024\/11\/Blog-Green-Flooring-FR-800x534.jpg 800w, https:\/\/ocflooring.com\/wp-content\/uploads\/2024\/11\/Blog-Green-Flooring-FR.jpg 1000w\" sizes=\"(min-width: 2200px) 100vw, (min-width: 784px) 473px, (min-width: 712px) 710px, (min-width: 640px) 712px, \" \/><div class=\"fusion-rollover\">\n\t<div class=\"fusion-rollover-content\">\n\n\t\t\t\t\n\t\t\n\t\t\t\t\t\t\t\t\t\t\t\t<h4 class=\"fusion-rollover-title\">\n\t\t\t\t\t<a class=\"fusion-rollover-title-link\" href=\"https:\/\/ocflooring.com\/fr\/plancher-vert-un-guide-complet-des-options-de-revetements-durables\/\">\n\t\t\t\t\t\tPlancher Vert : Un Guide Complet des Options de Rev\u00eatements Durables\t\t\t\t\t<\/a>\n\t\t\t\t<\/h4>\n\t\t\t\n\t\t\t\t\t\t\t\t\n\t\t\n\t\t\t\t\t\t<a class=\"fusion-link-wrapper\" href=\"https:\/\/ocflooring.com\/fr\/plancher-vert-un-guide-complet-des-options-de-revetements-durables\/\" aria-label=\"Plancher Vert : Un Guide Complet des Options de Rev\u00eatements Durables\"><\/a>\n\t<\/div>\n<\/div>\n<\/div>\n<\/li>\n\t\t\t\n\t\t\t\n\t\t\t\t\t\t\t\t\t\t\t\t\t\t\t\t\t\t\t\t\t\t\t\t\t\t\t\t\t\t\t\t\t\t\t\t\t\t\t\t\t\t\t\t\t\t\t\t\t\t\t\t\t\t\t\t\t\t\t\t\t\t\t\t\t\t\t\t<\/ul>\n\t<\/div>\n\t<div class=\"fusion-post-content-wrapper\" style=\"padding:20px 20px 20px 20px;\"><div class=\"fusion-post-content post-content\"><h2 class=\"blog-shortcode-post-title\"><a href=\"https:\/\/ocflooring.com\/fr\/plancher-vert-un-guide-complet-des-options-de-revetements-durables\/\">Plancher Vert : Un Guide Complet des Options de Rev\u00eatements Durables<\/a><\/h2><\/div><\/div><div class=\"fusion-clearfix\"><\/div><\/div>\n<\/article>\n<div class=\"fusion-clearfix\"><\/div><\/div><\/div><\/div><\/div><\/div><\/div><\/p>\n","protected":false},"excerpt":{"rendered":"","protected":false},"author":1,"featured_media":172,"parent":0,"menu_order":25,"comment_status":"closed","ping_status":"closed","template":"100-width.php","meta":{"_acf_changed":false,"footnotes":""},"class_list":["post-286","page","type-page","status-publish","has-post-thumbnail","hentry"],"acf":[],"yoast_head":"<!-- This site is optimized with the Yoast SEO plugin v25.6 - https:\/\/yoast.com\/wordpress\/plugins\/seo\/ -->\n<title>Blogue - OC Flooring<\/title>\n<meta name=\"robots\" content=\"index, follow, max-snippet:-1, max-image-preview:large, max-video-preview:-1\" \/>\n<link rel=\"canonical\" href=\"https:\/\/ocflooring.com\/fr\/blogue\/\" \/>\n<meta property=\"og:locale\" content=\"fr_FR\" \/>\n<meta property=\"og:type\" content=\"article\" \/>\n<meta property=\"og:title\" content=\"Blogue - OC Flooring\" \/>\n<meta property=\"og:url\" content=\"https:\/\/ocflooring.com\/fr\/blogue\/\" \/>\n<meta property=\"og:site_name\" content=\"OC Flooring\" \/>\n<meta property=\"article:modified_time\" content=\"2025-04-17T10:38:11+00:00\" \/>\n<meta property=\"og:image\" content=\"http:\/\/ocflooring.com\/wp-content\/uploads\/2024\/09\/New-Project-1.webp\" \/>\n\t<meta property=\"og:image:width\" content=\"1809\" \/>\n\t<meta property=\"og:image:height\" content=\"415\" \/>\n\t<meta property=\"og:image:type\" content=\"image\/webp\" \/>\n<meta name=\"twitter:card\" content=\"summary_large_image\" \/>\n<meta name=\"twitter:label1\" content=\"Dur\u00e9e de lecture estim\u00e9e\" \/>\n\t<meta name=\"twitter:data1\" content=\"2 minutes\" \/>\n<script type=\"application\/ld+json\" class=\"yoast-schema-graph\">{\"@context\":\"https:\/\/schema.org\",\"@graph\":[{\"@type\":\"WebPage\",\"@id\":\"https:\/\/ocflooring.com\/fr\/blogue\/\",\"url\":\"https:\/\/ocflooring.com\/fr\/blogue\/\",\"name\":\"Blogue - OC Flooring\",\"isPartOf\":{\"@id\":\"https:\/\/ocflooring.com\/fr\/#website\"},\"primaryImageOfPage\":{\"@id\":\"https:\/\/ocflooring.com\/fr\/blogue\/#primaryimage\"},\"image\":{\"@id\":\"https:\/\/ocflooring.com\/fr\/blogue\/#primaryimage\"},\"thumbnailUrl\":\"https:\/\/ocflooring.com\/wp-content\/uploads\/2024\/09\/New-Project-1.webp\",\"datePublished\":\"2024-09-23T15:05:18+00:00\",\"dateModified\":\"2025-04-17T10:38:11+00:00\",\"breadcrumb\":{\"@id\":\"https:\/\/ocflooring.com\/fr\/blogue\/#breadcrumb\"},\"inLanguage\":\"fr-FR\",\"potentialAction\":[{\"@type\":\"ReadAction\",\"target\":[\"https:\/\/ocflooring.com\/fr\/blogue\/\"]}]},{\"@type\":\"ImageObject\",\"inLanguage\":\"fr-FR\",\"@id\":\"https:\/\/ocflooring.com\/fr\/blogue\/#primaryimage\",\"url\":\"https:\/\/ocflooring.com\/wp-content\/uploads\/2024\/09\/New-Project-1.webp\",\"contentUrl\":\"https:\/\/ocflooring.com\/wp-content\/uploads\/2024\/09\/New-Project-1.webp\",\"width\":1809,\"height\":415},{\"@type\":\"BreadcrumbList\",\"@id\":\"https:\/\/ocflooring.com\/fr\/blogue\/#breadcrumb\",\"itemListElement\":[{\"@type\":\"ListItem\",\"position\":1,\"name\":\"Home\",\"item\":\"https:\/\/ocflooring.com\/fr\/\"},{\"@type\":\"ListItem\",\"position\":2,\"name\":\"Blogue\"}]},{\"@type\":\"WebSite\",\"@id\":\"https:\/\/ocflooring.com\/fr\/#website\",\"url\":\"https:\/\/ocflooring.com\/fr\/\",\"name\":\"OC Flooring\",\"description\":\"\",\"potentialAction\":[{\"@type\":\"SearchAction\",\"target\":{\"@type\":\"EntryPoint\",\"urlTemplate\":\"https:\/\/ocflooring.com\/fr\/?s={search_term_string}\"},\"query-input\":{\"@type\":\"PropertyValueSpecification\",\"valueRequired\":true,\"valueName\":\"search_term_string\"}}],\"inLanguage\":\"fr-FR\"}]}<\/script>\n<!-- \/ Yoast SEO plugin. -->","yoast_head_json":{"title":"Blogue - OC Flooring","robots":{"index":"index","follow":"follow","max-snippet":"max-snippet:-1","max-image-preview":"max-image-preview:large","max-video-preview":"max-video-preview:-1"},"canonical":"https:\/\/ocflooring.com\/fr\/blogue\/","og_locale":"fr_FR","og_type":"article","og_title":"Blogue - OC Flooring","og_url":"https:\/\/ocflooring.com\/fr\/blogue\/","og_site_name":"OC Flooring","article_modified_time":"2025-04-17T10:38:11+00:00","og_image":[{"width":1809,"height":415,"url":"http:\/\/ocflooring.com\/wp-content\/uploads\/2024\/09\/New-Project-1.webp","type":"image\/webp"}],"twitter_card":"summary_large_image","twitter_misc":{"Dur\u00e9e de lecture estim\u00e9e":"2 minutes"},"schema":{"@context":"https:\/\/schema.org","@graph":[{"@type":"WebPage","@id":"https:\/\/ocflooring.com\/fr\/blogue\/","url":"https:\/\/ocflooring.com\/fr\/blogue\/","name":"Blogue - OC Flooring","isPartOf":{"@id":"https:\/\/ocflooring.com\/fr\/#website"},"primaryImageOfPage":{"@id":"https:\/\/ocflooring.com\/fr\/blogue\/#primaryimage"},"image":{"@id":"https:\/\/ocflooring.com\/fr\/blogue\/#primaryimage"},"thumbnailUrl":"https:\/\/ocflooring.com\/wp-content\/uploads\/2024\/09\/New-Project-1.webp","datePublished":"2024-09-23T15:05:18+00:00","dateModified":"2025-04-17T10:38:11+00:00","breadcrumb":{"@id":"https:\/\/ocflooring.com\/fr\/blogue\/#breadcrumb"},"inLanguage":"fr-FR","potentialAction":[{"@type":"ReadAction","target":["https:\/\/ocflooring.com\/fr\/blogue\/"]}]},{"@type":"ImageObject","inLanguage":"fr-FR","@id":"https:\/\/ocflooring.com\/fr\/blogue\/#primaryimage","url":"https:\/\/ocflooring.com\/wp-content\/uploads\/2024\/09\/New-Project-1.webp","contentUrl":"https:\/\/ocflooring.com\/wp-content\/uploads\/2024\/09\/New-Project-1.webp","width":1809,"height":415},{"@type":"BreadcrumbList","@id":"https:\/\/ocflooring.com\/fr\/blogue\/#breadcrumb","itemListElement":[{"@type":"ListItem","position":1,"name":"Home","item":"https:\/\/ocflooring.com\/fr\/"},{"@type":"ListItem","position":2,"name":"Blogue"}]},{"@type":"WebSite","@id":"https:\/\/ocflooring.com\/fr\/#website","url":"https:\/\/ocflooring.com\/fr\/","name":"OC Flooring","description":"","potentialAction":[{"@type":"SearchAction","target":{"@type":"EntryPoint","urlTemplate":"https:\/\/ocflooring.com\/fr\/?s={search_term_string}"},"query-input":{"@type":"PropertyValueSpecification","valueRequired":true,"valueName":"search_term_string"}}],"inLanguage":"fr-FR"}]}},"_links":{"self":[{"href":"https:\/\/ocflooring.com\/fr\/wp-json\/wp\/v2\/pages\/286","targetHints":{"allow":["GET"]}}],"collection":[{"href":"https:\/\/ocflooring.com\/fr\/wp-json\/wp\/v2\/pages"}],"about":[{"href":"https:\/\/ocflooring.com\/fr\/wp-json\/wp\/v2\/types\/page"}],"author":[{"embeddable":true,"href":"https:\/\/ocflooring.com\/fr\/wp-json\/wp\/v2\/users\/1"}],"replies":[{"embeddable":true,"href":"https:\/\/ocflooring.com\/fr\/wp-json\/wp\/v2\/comments?post=286"}],"version-history":[{"count":0,"href":"https:\/\/ocflooring.com\/fr\/wp-json\/wp\/v2\/pages\/286\/revisions"}],"wp:featuredmedia":[{"embeddable":true,"href":"https:\/\/ocflooring.com\/fr\/wp-json\/wp\/v2\/media\/172"}],"wp:attachment":[{"href":"https:\/\/ocflooring.com\/fr\/wp-json\/wp\/v2\/media?parent=286"}],"curies":[{"name":"wp","href":"https:\/\/api.w.org\/{rel}","templated":true}]}}