{"id":256,"date":"2024-09-23T15:06:54","date_gmt":"2024-09-23T15:06:54","guid":{"rendered":"https:\/\/ocflooringddev.wpenginepowered.com\/?page_id=256"},"modified":"2025-04-17T10:38:50","modified_gmt":"2025-04-17T10:38:50","slug":"sitemap","status":"publish","type":"page","link":"https:\/\/ocflooring.com\/fr\/sitemap\/","title":{"rendered":"Sitemap"},"content":{"rendered":"<div class=\"fusion-fullwidth fullwidth-box fusion-builder-row-1 fusion-flex-container has-pattern-background has-mask-background nonhundred-percent-fullwidth non-hundred-percent-height-scrolling\" style=\"--awb-border-radius-top-left:0px;--awb-border-radius-top-right:0px;--awb-border-radius-bottom-right:0px;--awb-border-radius-bottom-left:0px;--awb-flex-wrap:wrap;\" ><div class=\"fusion-builder-row fusion-row fusion-flex-align-items-flex-start fusion-flex-content-wrap\" style=\"max-width:calc( 1480px + 20px );margin-left: calc(-20px \/ 2 );margin-right: calc(-20px \/ 2 );\"><div class=\"fusion-layout-column fusion_builder_column fusion-builder-column-0 fusion_builder_column_1_1 1_1 fusion-flex-column\" style=\"--awb-bg-size:cover;--awb-width-large:100%;--awb-margin-top-large:0px;--awb-spacing-right-large:10px;--awb-margin-bottom-large:0px;--awb-spacing-left-large:10px;--awb-width-medium:100%;--awb-order-medium:0;--awb-spacing-right-medium:10px;--awb-spacing-left-medium:10px;--awb-width-small:100%;--awb-order-small:0;--awb-spacing-right-small:10px;--awb-spacing-left-small:10px;\"><div class=\"fusion-column-wrapper fusion-column-has-shadow fusion-flex-justify-content-flex-start fusion-content-layout-column\"><div class=\"fusion-title title fusion-title-1 fusion-sep-none fusion-title-center fusion-title-text fusion-title-size-one\"><h1 class=\"fusion-title-heading title-heading-center\" style=\"margin:0;\">Site<span class=\"diff_color\">map<\/span><\/h1><\/div><\/div><\/div><div class=\"fusion-layout-column fusion_builder_column fusion-builder-column-1 fusion_builder_column_1_2 1_2 fusion-flex-column\" style=\"--awb-bg-size:cover;--awb-width-large:50%;--awb-margin-top-large:0px;--awb-spacing-right-large:10px;--awb-margin-bottom-large:0px;--awb-spacing-left-large:10px;--awb-width-medium:50%;--awb-order-medium:0;--awb-spacing-right-medium:10px;--awb-spacing-left-medium:10px;--awb-width-small:100%;--awb-order-small:0;--awb-spacing-right-small:10px;--awb-spacing-left-small:10px;\"><div class=\"fusion-column-wrapper fusion-column-has-shadow fusion-flex-justify-content-flex-start fusion-content-layout-column\"><div class=\"wsp-container\"><h2 class=\"wsp-pages-title\">Pages<\/h2>\n<ul class=\"wsp-pages-list\">\n<li class=\"page_item page-item-133\"><a href=\"https:\/\/ocflooring.com\/fr\/\">Home<\/a><\/li>\n<li class=\"page_item page-item-251\"><a href=\"https:\/\/ocflooring.com\/fr\/planchers-de-bois-franc\/\">Planchers de bois franc<\/a><\/li>\n<li class=\"page_item page-item-498\"><a href=\"https:\/\/ocflooring.com\/fr\/installation-de-planchers-de-bois-franc\/\">Installation de planchers de bois franc<\/a><\/li>\n<li class=\"page_item page-item-499\"><a href=\"https:\/\/ocflooring.com\/fr\/entretenir-de-planchers-de-bois-franc\/\">Entretenir de planchers de bois franc<\/a><\/li>\n<li class=\"page_item page-item-259\"><a href=\"https:\/\/ocflooring.com\/fr\/planchers-en-carreaux\/\">Planchers en carreaux<\/a><\/li>\n<li class=\"page_item page-item-569\"><a href=\"https:\/\/ocflooring.com\/fr\/installation-de-carreaux\/\">Installation de carreaux<\/a><\/li>\n<li class=\"page_item page-item-571\"><a href=\"https:\/\/ocflooring.com\/fr\/entretenir-de-carreaux\/\">Entretenir de carreaux<\/a><\/li>\n<li class=\"page_item page-item-567\"><a href=\"https:\/\/ocflooring.com\/fr\/ceramiques\/\">C\u00e9ramiques<\/a><\/li>\n<li class=\"page_item page-item-667\"><a href=\"https:\/\/ocflooring.com\/fr\/porcelaine\/\">Porcelaine<\/a><\/li>\n<li class=\"page_item page-item-669\"><a href=\"https:\/\/ocflooring.com\/fr\/verre\/\">Verre<\/a><\/li>\n<li class=\"page_item page-item-671\"><a href=\"https:\/\/ocflooring.com\/fr\/dosseret\/\">Dosseret<\/a><\/li>\n<li class=\"page_item page-item-253\"><a href=\"https:\/\/ocflooring.com\/fr\/planchers-stratifies\/\">Planchers stratifies<\/a><\/li>\n<li class=\"page_item page-item-508\"><a href=\"https:\/\/ocflooring.com\/fr\/installation-de-stratifie\/\">Installation de stratifi\u00e9<\/a><\/li>\n<li class=\"page_item page-item-510\"><a href=\"https:\/\/ocflooring.com\/fr\/entretenir-de-stratifie\/\">Entretenir de stratifi\u00e9<\/a><\/li>\n<li class=\"page_item page-item-254\"><a href=\"https:\/\/ocflooring.com\/fr\/planchers-de-vinyle-de-luxe\/\">Planchers de vinyle de luxe<\/a><\/li>\n<li class=\"page_item page-item-516\"><a href=\"https:\/\/ocflooring.com\/fr\/installation-de-planchers-de-vinyle\/\">Installation de planchers de vinyle<\/a><\/li>\n<li class=\"page_item page-item-519\"><a href=\"https:\/\/ocflooring.com\/fr\/entretenir-de-planchers-de-vinyle\/\">Entretenir de planchers de vinyle<\/a><\/li>\n<li class=\"page_item page-item-249\"><a href=\"https:\/\/ocflooring.com\/fr\/tapis\/\">Tapis<\/a><\/li>\n<li class=\"page_item page-item-502\"><a href=\"https:\/\/ocflooring.com\/fr\/installation-de-tapis\/\">Installation de tapis<\/a><\/li>\n<li class=\"page_item page-item-504\"><a href=\"https:\/\/ocflooring.com\/fr\/entretien-de-tapis\/\">Entretien de tapis<\/a><\/li>\n<li class=\"page_item page-item-247\"><a href=\"https:\/\/ocflooring.com\/fr\/tapis-haut-de-gamme\/\">Tapis haut de gamme<\/a><\/li>\n<li class=\"page_item page-item-257\"><a href=\"https:\/\/ocflooring.com\/fr\/planchers-ecologiques\/\">Planchers \u00e9cologiques<\/a><\/li>\n<li class=\"page_item page-item-526\"><a href=\"https:\/\/ocflooring.com\/fr\/entretien-de-planchers-ecologiques\/\">Entretien de planchers \u00e9cologiques<\/a><\/li>\n<li class=\"page_item page-item-250\"><a href=\"https:\/\/ocflooring.com\/fr\/nous-joindre\/\">Nous joindre<\/a><\/li>\n<li class=\"page_item page-item-246\"><a href=\"https:\/\/ocflooring.com\/fr\/a-propos\/\">\u00c0 propos<\/a><\/li>\n<li class=\"page_item page-item-286\"><a href=\"https:\/\/ocflooring.com\/fr\/blogue\/\">Blogue<\/a><\/li>\n<li class=\"page_item page-item-545\"><a href=\"https:\/\/ocflooring.com\/fr\/suivre-lenvoi\/\">Suivre l\u2019envoi<\/a><\/li>\n<li class=\"page_item page-item-538\"><a href=\"https:\/\/ocflooring.com\/fr\/quiz-de-style\/\">Quiz de style<\/a><\/li>\n<li class=\"page_item page-item-536\"><a href=\"https:\/\/ocflooring.com\/fr\/quiz-de-style-de-vie\/\">Quiz de style de vie<\/a><\/li>\n<li class=\"page_item page-item-255\"><a href=\"https:\/\/ocflooring.com\/fr\/shop-at-home\/\">Shop At Home<\/a><\/li>\n<li class=\"page_item page-item-256\"><a href=\"https:\/\/ocflooring.com\/fr\/sitemap\/\">Sitemap<\/a><\/li>\n<\/ul>\n<\/div><\/div><\/div><div class=\"fusion-layout-column fusion_builder_column fusion-builder-column-2 fusion_builder_column_1_2 1_2 fusion-flex-column\" style=\"--awb-bg-size:cover;--awb-width-large:50%;--awb-margin-top-large:0px;--awb-spacing-right-large:10px;--awb-margin-bottom-large:0px;--awb-spacing-left-large:10px;--awb-width-medium:50%;--awb-order-medium:0;--awb-spacing-right-medium:10px;--awb-spacing-left-medium:10px;--awb-width-small:100%;--awb-order-small:0;--awb-spacing-right-small:10px;--awb-spacing-left-small:10px;\"><div class=\"fusion-column-wrapper fusion-column-has-shadow fusion-flex-justify-content-flex-start fusion-content-layout-column\"><div class=\"wsp-container\"><h2 class=\"wsp-posts-title\">Articles par cat\u00e9gorie<\/h2>\n<ul class=\"wsp-posts-list\">\n\t<li><strong class=\"wsp-category-title\">Cat\u00e9gorie\u00a0: <a href=\"https:\/\/ocflooring.com\/fr\/category\/non-classifiee\/\">Non classifi\u00e9(e)<\/a><\/strong>\n<ul class=\"wsp-posts-list\">\t\t<li class=\"wsp-post\"><a href=\"https:\/\/ocflooring.com\/fr\/experts-en-revetements-de-sol-dottawa-avec-un-fier-heritage-se-reinventant-pour-lavenir\/\">Experts en rev\u00eatements de sol d&rsquo;Ottawa avec un fier h\u00e9ritage, se r\u00e9inventant pour l&rsquo;avenir<\/a><\/li>\n\t\t<li class=\"wsp-post\"><a href=\"https:\/\/ocflooring.com\/fr\/transformez-votre-espace-un-guide-des-styles-de-tapis\/\">Transformez votre Espace : Un Guide des Styles de Tapis<\/a><\/li>\n\t\t<li class=\"wsp-post\"><a href=\"https:\/\/ocflooring.com\/fr\/plancher-vert-un-guide-complet-des-options-de-revetements-durables\/\">Plancher Vert : Un Guide Complet des Options de Rev\u00eatements Durables<\/a><\/li>\n<\/ul><\/li>\n<\/ul>\n<\/div><\/div><\/div><\/div><\/div>\n","protected":false},"excerpt":{"rendered":"","protected":false},"author":1,"featured_media":0,"parent":0,"menu_order":30,"comment_status":"closed","ping_status":"closed","template":"100-width.php","meta":{"_acf_changed":false,"footnotes":""},"class_list":["post-256","page","type-page","status-publish","hentry"],"acf":[],"yoast_head":"<!-- This site is optimized with the Yoast SEO plugin v25.6 - https:\/\/yoast.com\/wordpress\/plugins\/seo\/ -->\n<title>Sitemap - OC Flooring<\/title>\n<meta name=\"robots\" content=\"noindex, nofollow\" \/>\n<meta property=\"og:locale\" content=\"fr_FR\" \/>\n<meta property=\"og:type\" content=\"article\" \/>\n<meta property=\"og:title\" content=\"Sitemap - OC Flooring\" \/>\n<meta property=\"og:url\" content=\"https:\/\/ocflooring.com\/fr\/sitemap\/\" \/>\n<meta property=\"og:site_name\" content=\"OC Flooring\" \/>\n<meta property=\"article:modified_time\" content=\"2025-04-17T10:38:50+00:00\" \/>\n<meta name=\"twitter:card\" content=\"summary_large_image\" \/>\n<meta name=\"twitter:label1\" content=\"Dur\u00e9e de lecture estim\u00e9e\" \/>\n\t<meta name=\"twitter:data1\" content=\"1 minute\" \/>\n<script type=\"application\/ld+json\" class=\"yoast-schema-graph\">{\"@context\":\"https:\/\/schema.org\",\"@graph\":[{\"@type\":\"WebPage\",\"@id\":\"https:\/\/ocflooring.com\/fr\/sitemap\/\",\"url\":\"https:\/\/ocflooring.com\/fr\/sitemap\/\",\"name\":\"Sitemap - OC Flooring\",\"isPartOf\":{\"@id\":\"https:\/\/ocflooring.com\/fr\/#website\"},\"datePublished\":\"2024-09-23T15:06:54+00:00\",\"dateModified\":\"2025-04-17T10:38:50+00:00\",\"breadcrumb\":{\"@id\":\"https:\/\/ocflooring.com\/fr\/sitemap\/#breadcrumb\"},\"inLanguage\":\"fr-FR\",\"potentialAction\":[{\"@type\":\"ReadAction\",\"target\":[\"https:\/\/ocflooring.com\/fr\/sitemap\/\"]}]},{\"@type\":\"BreadcrumbList\",\"@id\":\"https:\/\/ocflooring.com\/fr\/sitemap\/#breadcrumb\",\"itemListElement\":[{\"@type\":\"ListItem\",\"position\":1,\"name\":\"Home\",\"item\":\"https:\/\/ocflooring.com\/fr\/\"},{\"@type\":\"ListItem\",\"position\":2,\"name\":\"Sitemap\"}]},{\"@type\":\"WebSite\",\"@id\":\"https:\/\/ocflooring.com\/fr\/#website\",\"url\":\"https:\/\/ocflooring.com\/fr\/\",\"name\":\"OC Flooring\",\"description\":\"\",\"potentialAction\":[{\"@type\":\"SearchAction\",\"target\":{\"@type\":\"EntryPoint\",\"urlTemplate\":\"https:\/\/ocflooring.com\/fr\/?s={search_term_string}\"},\"query-input\":{\"@type\":\"PropertyValueSpecification\",\"valueRequired\":true,\"valueName\":\"search_term_string\"}}],\"inLanguage\":\"fr-FR\"}]}<\/script>\n<!-- \/ Yoast SEO plugin. -->","yoast_head_json":{"title":"Sitemap - OC Flooring","robots":{"index":"noindex","follow":"nofollow"},"og_locale":"fr_FR","og_type":"article","og_title":"Sitemap - OC Flooring","og_url":"https:\/\/ocflooring.com\/fr\/sitemap\/","og_site_name":"OC Flooring","article_modified_time":"2025-04-17T10:38:50+00:00","twitter_card":"summary_large_image","twitter_misc":{"Dur\u00e9e de lecture estim\u00e9e":"1 minute"},"schema":{"@context":"https:\/\/schema.org","@graph":[{"@type":"WebPage","@id":"https:\/\/ocflooring.com\/fr\/sitemap\/","url":"https:\/\/ocflooring.com\/fr\/sitemap\/","name":"Sitemap - OC Flooring","isPartOf":{"@id":"https:\/\/ocflooring.com\/fr\/#website"},"datePublished":"2024-09-23T15:06:54+00:00","dateModified":"2025-04-17T10:38:50+00:00","breadcrumb":{"@id":"https:\/\/ocflooring.com\/fr\/sitemap\/#breadcrumb"},"inLanguage":"fr-FR","potentialAction":[{"@type":"ReadAction","target":["https:\/\/ocflooring.com\/fr\/sitemap\/"]}]},{"@type":"BreadcrumbList","@id":"https:\/\/ocflooring.com\/fr\/sitemap\/#breadcrumb","itemListElement":[{"@type":"ListItem","position":1,"name":"Home","item":"https:\/\/ocflooring.com\/fr\/"},{"@type":"ListItem","position":2,"name":"Sitemap"}]},{"@type":"WebSite","@id":"https:\/\/ocflooring.com\/fr\/#website","url":"https:\/\/ocflooring.com\/fr\/","name":"OC Flooring","description":"","potentialAction":[{"@type":"SearchAction","target":{"@type":"EntryPoint","urlTemplate":"https:\/\/ocflooring.com\/fr\/?s={search_term_string}"},"query-input":{"@type":"PropertyValueSpecification","valueRequired":true,"valueName":"search_term_string"}}],"inLanguage":"fr-FR"}]}},"_links":{"self":[{"href":"https:\/\/ocflooring.com\/fr\/wp-json\/wp\/v2\/pages\/256","targetHints":{"allow":["GET"]}}],"collection":[{"href":"https:\/\/ocflooring.com\/fr\/wp-json\/wp\/v2\/pages"}],"about":[{"href":"https:\/\/ocflooring.com\/fr\/wp-json\/wp\/v2\/types\/page"}],"author":[{"embeddable":true,"href":"https:\/\/ocflooring.com\/fr\/wp-json\/wp\/v2\/users\/1"}],"replies":[{"embeddable":true,"href":"https:\/\/ocflooring.com\/fr\/wp-json\/wp\/v2\/comments?post=256"}],"version-history":[{"count":0,"href":"https:\/\/ocflooring.com\/fr\/wp-json\/wp\/v2\/pages\/256\/revisions"}],"wp:attachment":[{"href":"https:\/\/ocflooring.com\/fr\/wp-json\/wp\/v2\/media?parent=256"}],"curies":[{"name":"wp","href":"https:\/\/api.w.org\/{rel}","templated":true}]}}