{"id":246,"date":"2024-09-23T15:04:50","date_gmt":"2024-09-23T15:04:50","guid":{"rendered":"https:\/\/ocflooringddev.wpenginepowered.com\/?page_id=246"},"modified":"2025-04-17T10:38:05","modified_gmt":"2025-04-17T10:38:05","slug":"a-propos","status":"publish","type":"page","link":"https:\/\/ocflooring.com\/fr\/a-propos\/","title":{"rendered":"\u00c0 propos"},"content":{"rendered":"<p><div class=\"fusion-fullwidth fullwidth-box fusion-builder-row-1 fusion-flex-container has-pattern-background has-mask-background nonhundred-percent-fullwidth non-hundred-percent-height-scrolling\" style=\"--awb-border-radius-top-left:0px;--awb-border-radius-top-right:0px;--awb-border-radius-bottom-right:0px;--awb-border-radius-bottom-left:0px;--awb-flex-wrap:wrap;\" ><div class=\"fusion-builder-row fusion-row fusion-flex-align-items-flex-start fusion-flex-content-wrap\" style=\"max-width:calc( 1480px + 20px );margin-left: calc(-20px \/ 2 );margin-right: calc(-20px \/ 2 );\"><div class=\"fusion-layout-column fusion_builder_column fusion-builder-column-0 fusion_builder_column_1_1 1_1 fusion-flex-column\" style=\"--awb-bg-size:cover;--awb-width-large:100%;--awb-margin-top-large:0px;--awb-spacing-right-large:10px;--awb-margin-bottom-large:0px;--awb-spacing-left-large:10px;--awb-width-medium:100%;--awb-order-medium:0;--awb-spacing-right-medium:10px;--awb-spacing-left-medium:10px;--awb-width-small:100%;--awb-order-small:0;--awb-spacing-right-small:10px;--awb-spacing-left-small:10px;\"><div class=\"fusion-column-wrapper fusion-column-has-shadow fusion-flex-justify-content-flex-start fusion-content-layout-column\"><div class=\"fusion-title title fusion-title-1 fusion-sep-none fusion-title-text fusion-title-size-one\"><h1 class=\"fusion-title-heading title-heading-left\" style=\"margin:0;\">L\u2019histoire <span class=\"diff_color\">d\u2019oc flooring<\/span><\/h1><\/div><div class=\"fusion-text fusion-text-1\"><p>En 1987, Raymond Brazeau a fond\u00e9 Orleans Carpet, s\u2019appuyant sur des ann\u00e9es d\u2019exp\u00e9rience en tant qu\u2019installateur de rev\u00eatements de sol \u00e0 Ottawa. Avec des d\u00e9buts modestes, Raymond a lanc\u00e9 l\u2019entreprise dans un petit espace, pr\u00e9sentant des \u00e9chantillons et s\u2019occupant personnellement des ventes et des installations. \u00c0 l\u2019\u00e9poque, l\u2019entreprise s\u2019appelait Orleans Carpet Man.<\/p>\n<p>Les premi\u00e8res ann\u00e9es ont \u00e9t\u00e9 marqu\u00e9es par des d\u00e9fis, allant de l\u2019\u00e9tablissement de relations avec des fournisseurs \u00e0 la concurrence avec des entreprises mieux \u00e9tablies. Pourtant, gr\u00e2ce \u00e0 sa d\u00e9termination et son engagement envers l\u2019excellence, Orleans Carpet a connu une croissance r\u00e9guli\u00e8re.<\/p>\n<p>Au fur et \u00e0 mesure de l\u2019expansion de l\u2019entreprise, un deuxi\u00e8me emplacement, Eagleson Flooring, a \u00e9t\u00e9 lanc\u00e9 en 2000, \u00e9tablissant davantage la pr\u00e9sence de l\u2019entreprise \u00e0 Kanata. Au fil des ans, le d\u00e9vouement de Raymond \u00e0 la qualit\u00e9 et au service a conduit \u00e0 une croissance constante, servant une client\u00e8le diversifi\u00e9e.<\/p>\n<p>Poursuivant l\u2019h\u00e9ritage familial, son fils Sylvain repr\u00e9sente la deuxi\u00e8me g\u00e9n\u00e9ration \u00e0 diriger l\u2019entreprise, en mettant l\u2019accent sur la poursuite des standards \u00e9lev\u00e9s \u00e9tablis par son p\u00e8re.<\/p>\n<p>En 2024, dans le cadre d\u2019une \u00e9volution strat\u00e9gique, Orleans Carpet et Eagleson Flooring ont \u00e9t\u00e9 regroup\u00e9s sous le nom unique d\u2019OC Flooring (OC pour Orleans Carpet). Ce changement vise \u00e0 renforcer la pr\u00e9sence de la marque, unifier l\u2019\u00e9quipe et positionner l\u2019entreprise pour une croissance future tout en maintenant les normes \u00e9lev\u00e9es de Raymond depuis ses d\u00e9buts.<\/p>\n<\/div><\/div><\/div><\/div><\/div><div class=\"fusion-fullwidth fullwidth-box fusion-builder-row-2 fusion-flex-container has-pattern-background has-mask-background nonhundred-percent-fullwidth non-hundred-percent-height-scrolling\" style=\"--awb-border-radius-top-left:0px;--awb-border-radius-top-right:0px;--awb-border-radius-bottom-right:0px;--awb-border-radius-bottom-left:0px;--awb-background-color:#ebebeb;--awb-flex-wrap:wrap;\" ><div class=\"fusion-builder-row fusion-row fusion-flex-align-items-flex-start fusion-flex-content-wrap\" style=\"max-width:calc( 1480px + 20px );margin-left: calc(-20px \/ 2 );margin-right: calc(-20px \/ 2 );\"><div class=\"fusion-layout-column fusion_builder_column fusion-builder-column-1 fusion_builder_column_1_1 1_1 fusion-flex-column\" style=\"--awb-bg-size:cover;--awb-width-large:100%;--awb-margin-top-large:0px;--awb-spacing-right-large:10px;--awb-margin-bottom-large:0px;--awb-spacing-left-large:10px;--awb-width-medium:100%;--awb-order-medium:0;--awb-spacing-right-medium:10px;--awb-spacing-left-medium:10px;--awb-width-small:100%;--awb-order-small:0;--awb-spacing-right-small:10px;--awb-spacing-left-small:10px;\"><div class=\"fusion-column-wrapper fusion-column-has-shadow fusion-flex-justify-content-flex-start fusion-content-layout-column\"><div class=\"fusion-title title fusion-title-2 fusion-sep-none fusion-title-text fusion-title-size-two\"><h2 class=\"fusion-title-heading title-heading-left\" style=\"margin:0;\">Raisons de chosir <span class=\"diff_color\">OC Flooring<\/span><\/h2><\/div><div class=\"fusion-text fusion-text-2\"><p><strong>Parce Que Nous Nous Impliquons<\/strong><br \/>\nNous nous engageons \u00e0 viser l\u2019excellence dans notre expertise produit, nos services \u00e0 domicile, nos installations et notre service \u00e0 la client\u00e8le. Nous faisons tout pour garantir la satisfaction compl\u00e8te de nos clients.<\/p>\n<p><strong>Entreprise Familiale<\/strong><br \/>\nOC Flooring appartient \u00e0 la famille Brazeau depuis 1987 et est exploit\u00e9e localement. Nous avons toujours travaill\u00e9 ensemble en \u00e9quipe pour placer le service client en priorit\u00e9. Nous sommes une famille comme la v\u00f4tre, vivant et travaillant dans la m\u00eame communaut\u00e9.<\/p>\n<p><strong>Employ\u00e9s Professionnels Et D\u00e9vou\u00e9s<\/strong><br \/>\nNos conseillers sont l\u00e0 pour vous accompagner \u00e0 chaque \u00e9tape. Form\u00e9s pour fournir des conseils experts, ils vous aident \u00e0 choisir le produit qui convient \u00e0 votre style de vie. Nos \u00e9quipes en coulisses s\u2019efforcent \u00e9galement de r\u00e9pondre aux besoins de nos clients avec les normes les plus \u00e9lev\u00e9es.<\/p>\n<p><strong>Installation Professionnelle<\/strong><br \/>\nNos \u00e9quipes d\u2019installation poss\u00e8dent l\u2019exp\u00e9rience et la formation des fabricants pour garantir que vos rev\u00eatements soient install\u00e9s \u00e0 votre enti\u00e8re satisfaction. Ces \u00e9quipes, qui collaborent avec nous depuis de nombreuses ann\u00e9es, sont une part pr\u00e9cieuse de la famille OC Flooring.<\/p>\n<p><strong>Relations Clients<\/strong><br \/>\nNotre service personnalis\u00e9 et nos produits de qualit\u00e9 nous ont permis de b\u00e2tir d\u2019excellentes relations avec de nombreux clients fid\u00e8les.<\/p>\n<p><strong>Superbe Salle D\u2019exposition<\/strong><br \/>\nNous proposons les meilleures marques de rev\u00eatements de sol disponibles. Notre salle d\u2019exposition, mise \u00e0 jour r\u00e9guli\u00e8rement pour refl\u00e9ter les derni\u00e8res tendances en design, offre une exp\u00e9rience unique de magasinage.<\/p>\n<p><strong>Fournisseurs De Confiance <\/strong><br \/>\nDepuis 1987, nous avons construit de solides relations avec nos fournisseurs. Notre exp\u00e9rience nous permet de choisir ceux qui nous aident \u00e0 fournir le meilleur service \u00e0 nos clients.<\/p>\n<p><strong>Engagement Communautaire<\/strong><br \/>\nNous sommes honor\u00e9s de faire partie de notre communaut\u00e9 locale et soutenons fi\u00e8rement de nombreuses \u00e9quipes sportives, \u00e9v\u00e9nements et \u0153uvres de charit\u00e9 locales.<\/p>\n<\/div><\/div><\/div><\/div><\/div><\/p>\n","protected":false},"excerpt":{"rendered":"","protected":false},"author":1,"featured_media":229,"parent":0,"menu_order":24,"comment_status":"closed","ping_status":"closed","template":"100-width.php","meta":{"_acf_changed":false,"footnotes":""},"class_list":["post-246","page","type-page","status-publish","has-post-thumbnail","hentry"],"acf":[],"yoast_head":"<!-- This site is optimized with the Yoast SEO plugin v25.6 - https:\/\/yoast.com\/wordpress\/plugins\/seo\/ -->\n<title>OC Flooring | Experts en rev\u00eatements de sol depuis 1987<\/title>\n<meta name=\"description\" content=\"D\u00e9couvrez l\u2019histoire d\u2019OC Flooring : service de confiance, installation experte et valeurs locales. Ottawa nous fait confiance depuis 1987 pour ses rev\u00eatements.\" \/>\n<meta name=\"robots\" content=\"noindex, nofollow\" \/>\n<meta property=\"og:locale\" content=\"fr_FR\" \/>\n<meta property=\"og:type\" content=\"article\" \/>\n<meta property=\"og:title\" content=\"OC Flooring | Experts en rev\u00eatements de sol depuis 1987\" \/>\n<meta property=\"og:description\" content=\"D\u00e9couvrez l\u2019histoire d\u2019OC Flooring : service de confiance, installation experte et valeurs locales. Ottawa nous fait confiance depuis 1987 pour ses rev\u00eatements.\" \/>\n<meta property=\"og:url\" content=\"https:\/\/ocflooring.com\/fr\/a-propos\/\" \/>\n<meta property=\"og:site_name\" content=\"OC Flooring\" \/>\n<meta property=\"article:modified_time\" content=\"2025-04-17T10:38:05+00:00\" \/>\n<meta property=\"og:image\" content=\"http:\/\/ocflooring.com\/wp-content\/uploads\/2024\/10\/New-Project-4-1.webp\" \/>\n\t<meta property=\"og:image:width\" content=\"1810\" \/>\n\t<meta property=\"og:image:height\" content=\"414\" \/>\n\t<meta property=\"og:image:type\" content=\"image\/webp\" \/>\n<meta name=\"twitter:card\" content=\"summary_large_image\" \/>\n<meta name=\"twitter:label1\" content=\"Dur\u00e9e de lecture estim\u00e9e\" \/>\n\t<meta name=\"twitter:data1\" content=\"3 minutes\" \/>\n<script type=\"application\/ld+json\" class=\"yoast-schema-graph\">{\"@context\":\"https:\/\/schema.org\",\"@graph\":[{\"@type\":\"WebPage\",\"@id\":\"https:\/\/ocflooring.com\/fr\/a-propos\/\",\"url\":\"https:\/\/ocflooring.com\/fr\/a-propos\/\",\"name\":\"OC Flooring | Experts en rev\u00eatements de sol depuis 1987\",\"isPartOf\":{\"@id\":\"https:\/\/ocflooring.com\/fr\/#website\"},\"primaryImageOfPage\":{\"@id\":\"https:\/\/ocflooring.com\/fr\/a-propos\/#primaryimage\"},\"image\":{\"@id\":\"https:\/\/ocflooring.com\/fr\/a-propos\/#primaryimage\"},\"thumbnailUrl\":\"https:\/\/ocflooring.com\/wp-content\/uploads\/2024\/10\/New-Project-4-1.webp\",\"datePublished\":\"2024-09-23T15:04:50+00:00\",\"dateModified\":\"2025-04-17T10:38:05+00:00\",\"description\":\"D\u00e9couvrez l\u2019histoire d\u2019OC Flooring : service de confiance, installation experte et valeurs locales. Ottawa nous fait confiance depuis 1987 pour ses rev\u00eatements.\",\"breadcrumb\":{\"@id\":\"https:\/\/ocflooring.com\/fr\/a-propos\/#breadcrumb\"},\"inLanguage\":\"fr-FR\",\"potentialAction\":[{\"@type\":\"ReadAction\",\"target\":[\"https:\/\/ocflooring.com\/fr\/a-propos\/\"]}]},{\"@type\":\"ImageObject\",\"inLanguage\":\"fr-FR\",\"@id\":\"https:\/\/ocflooring.com\/fr\/a-propos\/#primaryimage\",\"url\":\"https:\/\/ocflooring.com\/wp-content\/uploads\/2024\/10\/New-Project-4-1.webp\",\"contentUrl\":\"https:\/\/ocflooring.com\/wp-content\/uploads\/2024\/10\/New-Project-4-1.webp\",\"width\":1810,\"height\":414},{\"@type\":\"BreadcrumbList\",\"@id\":\"https:\/\/ocflooring.com\/fr\/a-propos\/#breadcrumb\",\"itemListElement\":[{\"@type\":\"ListItem\",\"position\":1,\"name\":\"Home\",\"item\":\"https:\/\/ocflooring.com\/fr\/\"},{\"@type\":\"ListItem\",\"position\":2,\"name\":\"\u00c0 propos\"}]},{\"@type\":\"WebSite\",\"@id\":\"https:\/\/ocflooring.com\/fr\/#website\",\"url\":\"https:\/\/ocflooring.com\/fr\/\",\"name\":\"OC Flooring\",\"description\":\"\",\"potentialAction\":[{\"@type\":\"SearchAction\",\"target\":{\"@type\":\"EntryPoint\",\"urlTemplate\":\"https:\/\/ocflooring.com\/fr\/?s={search_term_string}\"},\"query-input\":{\"@type\":\"PropertyValueSpecification\",\"valueRequired\":true,\"valueName\":\"search_term_string\"}}],\"inLanguage\":\"fr-FR\"}]}<\/script>\n<!-- \/ Yoast SEO plugin. -->","yoast_head_json":{"title":"OC Flooring | Experts en rev\u00eatements de sol depuis 1987","description":"D\u00e9couvrez l\u2019histoire d\u2019OC Flooring : service de confiance, installation experte et valeurs locales. Ottawa nous fait confiance depuis 1987 pour ses rev\u00eatements.","robots":{"index":"noindex","follow":"nofollow"},"og_locale":"fr_FR","og_type":"article","og_title":"OC Flooring | Experts en rev\u00eatements de sol depuis 1987","og_description":"D\u00e9couvrez l\u2019histoire d\u2019OC Flooring : service de confiance, installation experte et valeurs locales. Ottawa nous fait confiance depuis 1987 pour ses rev\u00eatements.","og_url":"https:\/\/ocflooring.com\/fr\/a-propos\/","og_site_name":"OC Flooring","article_modified_time":"2025-04-17T10:38:05+00:00","og_image":[{"width":1810,"height":414,"url":"http:\/\/ocflooring.com\/wp-content\/uploads\/2024\/10\/New-Project-4-1.webp","type":"image\/webp"}],"twitter_card":"summary_large_image","twitter_misc":{"Dur\u00e9e de lecture estim\u00e9e":"3 minutes"},"schema":{"@context":"https:\/\/schema.org","@graph":[{"@type":"WebPage","@id":"https:\/\/ocflooring.com\/fr\/a-propos\/","url":"https:\/\/ocflooring.com\/fr\/a-propos\/","name":"OC Flooring | Experts en rev\u00eatements de sol depuis 1987","isPartOf":{"@id":"https:\/\/ocflooring.com\/fr\/#website"},"primaryImageOfPage":{"@id":"https:\/\/ocflooring.com\/fr\/a-propos\/#primaryimage"},"image":{"@id":"https:\/\/ocflooring.com\/fr\/a-propos\/#primaryimage"},"thumbnailUrl":"https:\/\/ocflooring.com\/wp-content\/uploads\/2024\/10\/New-Project-4-1.webp","datePublished":"2024-09-23T15:04:50+00:00","dateModified":"2025-04-17T10:38:05+00:00","description":"D\u00e9couvrez l\u2019histoire d\u2019OC Flooring : service de confiance, installation experte et valeurs locales. Ottawa nous fait confiance depuis 1987 pour ses rev\u00eatements.","breadcrumb":{"@id":"https:\/\/ocflooring.com\/fr\/a-propos\/#breadcrumb"},"inLanguage":"fr-FR","potentialAction":[{"@type":"ReadAction","target":["https:\/\/ocflooring.com\/fr\/a-propos\/"]}]},{"@type":"ImageObject","inLanguage":"fr-FR","@id":"https:\/\/ocflooring.com\/fr\/a-propos\/#primaryimage","url":"https:\/\/ocflooring.com\/wp-content\/uploads\/2024\/10\/New-Project-4-1.webp","contentUrl":"https:\/\/ocflooring.com\/wp-content\/uploads\/2024\/10\/New-Project-4-1.webp","width":1810,"height":414},{"@type":"BreadcrumbList","@id":"https:\/\/ocflooring.com\/fr\/a-propos\/#breadcrumb","itemListElement":[{"@type":"ListItem","position":1,"name":"Home","item":"https:\/\/ocflooring.com\/fr\/"},{"@type":"ListItem","position":2,"name":"\u00c0 propos"}]},{"@type":"WebSite","@id":"https:\/\/ocflooring.com\/fr\/#website","url":"https:\/\/ocflooring.com\/fr\/","name":"OC Flooring","description":"","potentialAction":[{"@type":"SearchAction","target":{"@type":"EntryPoint","urlTemplate":"https:\/\/ocflooring.com\/fr\/?s={search_term_string}"},"query-input":{"@type":"PropertyValueSpecification","valueRequired":true,"valueName":"search_term_string"}}],"inLanguage":"fr-FR"}]}},"_links":{"self":[{"href":"https:\/\/ocflooring.com\/fr\/wp-json\/wp\/v2\/pages\/246","targetHints":{"allow":["GET"]}}],"collection":[{"href":"https:\/\/ocflooring.com\/fr\/wp-json\/wp\/v2\/pages"}],"about":[{"href":"https:\/\/ocflooring.com\/fr\/wp-json\/wp\/v2\/types\/page"}],"author":[{"embeddable":true,"href":"https:\/\/ocflooring.com\/fr\/wp-json\/wp\/v2\/users\/1"}],"replies":[{"embeddable":true,"href":"https:\/\/ocflooring.com\/fr\/wp-json\/wp\/v2\/comments?post=246"}],"version-history":[{"count":0,"href":"https:\/\/ocflooring.com\/fr\/wp-json\/wp\/v2\/pages\/246\/revisions"}],"wp:featuredmedia":[{"embeddable":true,"href":"https:\/\/ocflooring.com\/fr\/wp-json\/wp\/v2\/media\/229"}],"wp:attachment":[{"href":"https:\/\/ocflooring.com\/fr\/wp-json\/wp\/v2\/media?parent=246"}],"curies":[{"name":"wp","href":"https:\/\/api.w.org\/{rel}","templated":true}]}}